{"id":771,"date":"2024-07-25T12:37:44","date_gmt":"2024-07-25T12:37:44","guid":{"rendered":"https:\/\/granviaeventos.com.br\/site\/?page_id=771"},"modified":"2024-08-01T00:07:57","modified_gmt":"2024-08-01T00:07:57","slug":"quemsomos","status":"publish","type":"page","link":"https:\/\/granviaeventos.com.br\/site\/quemsomos\/","title":{"rendered":"Quem Somos"},"content":{"rendered":"\t\t<div data-elementor-type=\"wp-page\" data-elementor-id=\"771\" class=\"elementor elementor-771\">\n\t\t\t\t<div class=\"elementor-element elementor-element-e51de10 e-flex e-con-boxed e-con e-parent\" data-id=\"e51de10\" data-element_type=\"container\">\n\t\t\t\t\t<div class=\"e-con-inner\">\n\t\t\t\t<div class=\"elementor-element elementor-element-0b5f3ce elementor-widget elementor-widget-spacer\" data-id=\"0b5f3ce\" data-element_type=\"widget\" data-widget_type=\"spacer.default\">\n\t\t\t\t<div class=\"elementor-widget-container\">\n\t\t\t\t\t<div class=\"elementor-spacer\">\n\t\t\t<div class=\"elementor-spacer-inner\"><\/div>\n\t\t<\/div>\n\t\t\t\t<\/div>\n\t\t\t\t<\/div>\n\t\t\t\t\t<\/div>\n\t\t\t\t<\/div>\n\t\t<div class=\"elementor-element elementor-element-eece547 e-con-full e-flex e-con e-parent\" data-id=\"eece547\" data-element_type=\"container\">\n\t\t<div class=\"elementor-element elementor-element-e5633f2 e-con-full e-flex e-con e-child\" data-id=\"e5633f2\" data-element_type=\"container\" data-settings=\"{&quot;background_background&quot;:&quot;classic&quot;}\">\n\t\t\t\t<\/div>\n\t\t<div class=\"elementor-element elementor-element-e551e3d e-con-full e-flex e-con e-child\" data-id=\"e551e3d\" data-element_type=\"container\" data-settings=\"{&quot;background_background&quot;:&quot;classic&quot;}\">\n\t\t\t\t<\/div>\n\t\t\t\t<\/div>\n\t\t<div class=\"elementor-element elementor-element-f023c47 e-flex e-con-boxed e-con e-parent\" data-id=\"f023c47\" data-element_type=\"container\">\n\t\t\t\t\t<div class=\"e-con-inner\">\n\t\t\t\t<div class=\"elementor-element elementor-element-9ecc77b elementor-widget elementor-widget-spacer\" data-id=\"9ecc77b\" data-element_type=\"widget\" data-widget_type=\"spacer.default\">\n\t\t\t\t<div class=\"elementor-widget-container\">\n\t\t\t\t\t<div class=\"elementor-spacer\">\n\t\t\t<div class=\"elementor-spacer-inner\"><\/div>\n\t\t<\/div>\n\t\t\t\t<\/div>\n\t\t\t\t<\/div>\n\t\t\t\t\t<\/div>\n\t\t\t\t<\/div>\n\t\t<div class=\"elementor-element elementor-element-208d97d e-flex e-con-boxed e-con e-parent\" data-id=\"208d97d\" data-element_type=\"container\">\n\t\t\t\t\t<div class=\"e-con-inner\">\n\t\t\t\t<div class=\"elementor-element elementor-element-b8f5736 elementor-widget__width-inherit elementor-widget elementor-widget-heading\" data-id=\"b8f5736\" data-element_type=\"widget\" data-widget_type=\"heading.default\">\n\t\t\t\t<div class=\"elementor-widget-container\">\n\t\t\t<h2 class=\"elementor-heading-title elementor-size-default\">Quem Somos<\/h2>\t\t<\/div>\n\t\t\t\t<\/div>\n\t\t\t\t\t<\/div>\n\t\t\t\t<\/div>\n\t\t<div class=\"elementor-element elementor-element-62c4de3 e-flex e-con-boxed e-con e-parent\" data-id=\"62c4de3\" data-element_type=\"container\">\n\t\t\t\t\t<div class=\"e-con-inner\">\n\t\t\t\t<div class=\"elementor-element elementor-element-f7ff112 elementor-widget__width-inherit elementor-widget elementor-widget-text-editor\" data-id=\"f7ff112\" data-element_type=\"widget\" data-widget_type=\"text-editor.default\">\n\t\t\t\t<div class=\"elementor-widget-container\">\n\t\t\t\t\t\t\t<p><span style=\"font-weight: 400;\">Desde 1998, o GranVia Eventos se dedica a transformar momentos em mem\u00f3rias inesquec\u00edveis. Localizado em Contagem, MG, nosso espa\u00e7o \u00e9 um ref\u00fagio rodeado pela natureza exuberante e de f\u00e1cil acesso, ideal para eventos de todos os tipos.<\/span><\/p><p><span style=\"font-weight: 400;\">Com grande experi\u00eancia em eventos corporativos, oferecemos espa\u00e7os multifuncionais que promovem a integra\u00e7\u00e3o e a criatividade em um ambiente harmonioso. Nossa infraestrutura diferenciada \u00e9 perfeita para treinamentos, confer\u00eancias, workshops e celebra\u00e7\u00f5es empresariais, garantindo que cada evento seja um sucesso.<\/span><\/p><p><span style=\"font-weight: 400;\">Al\u00e9m dos eventos corporativos, tamb\u00e9m realizamos casamentos, festas de 15 anos e outros eventos sociais com o mesmo cuidado e aten\u00e7\u00e3o aos detalhes. Nosso compromisso \u00e9 proporcionar um atendimento exclusivo e personalizado, oferecendo servi\u00e7os completos de organiza\u00e7\u00e3o, buffet e decora\u00e7\u00e3o, sempre com \u00e9tica e respeito.<\/span><\/p><p><span style=\"font-weight: 400;\">Buscamos encantar nossos clientes com eventos de alta qualidade, compromisso e seguran\u00e7a, e ainda garantimos um excelente equil\u00edbrio entre custo e benef\u00edcio, marcando momentos especiais e realizando sonhos.<\/span><\/p><p><span style=\"font-weight: 400;\">Nossa localiza\u00e7\u00e3o privilegiada e espa\u00e7os vers\u00e1teis nos permitem criar eventos \u00fanicos e memor\u00e1veis, sempre com um atendimento exclusivo e parcerias estrat\u00e9gicas que assegurem o melhor para nossos clientes.<\/span><\/p><p><span style=\"font-weight: 400;\">No GranVia Eventos, transformamos seu evento corporativo ou social em uma experi\u00eancia \u00fanica e inesquec\u00edvel. Venha nos conhecer e deixe-nos fazer parte dos seus momentos especiais.<\/span><\/p>\t\t\t\t\t\t<\/div>\n\t\t\t\t<\/div>\n\t\t\t\t\t<\/div>\n\t\t\t\t<\/div>\n\t\t<div class=\"elementor-element elementor-element-cb686b9 e-flex e-con-boxed e-con e-parent\" data-id=\"cb686b9\" data-element_type=\"container\">\n\t\t\t\t\t<div class=\"e-con-inner\">\n\t\t\t\t<div class=\"elementor-element elementor-element-adc4ccc elementor-widget elementor-widget-image-gallery\" data-id=\"adc4ccc\" data-element_type=\"widget\" data-widget_type=\"image-gallery.default\">\n\t\t\t\t<div class=\"elementor-widget-container\">\n\t\t\t\t\t<div class=\"elementor-image-gallery\">\n\t\t\t<div id='gallery-1' class='gallery galleryid-771 gallery-columns-3 gallery-size-kava-thumb-m'><figure class='gallery-item'>\n\t\t\t<div class='gallery-icon landscape'>\n\t\t\t\t<a data-elementor-open-lightbox=\"yes\" data-elementor-lightbox-slideshow=\"adc4ccc\" data-e-action-hash=\"#elementor-action%3Aaction%3Dlightbox%26settings%3DeyJpZCI6ODc5LCJ1cmwiOiJodHRwczpcL1wvZ3JhbnZpYWV2ZW50b3MuY29tLmJyXC9zaXRlXC93cC1jb250ZW50XC91cGxvYWRzXC8yMDI0XC8wOFwvUG9ydGFyaWEtMi5qcGciLCJzbGlkZXNob3ciOiJhZGM0Y2NjIn0%3D\" href='https:\/\/granviaeventos.com.br\/site\/wp-content\/uploads\/2024\/08\/Portaria-2.jpg'><img fetchpriority=\"high\" decoding=\"async\" width=\"400\" height=\"400\" src=\"https:\/\/granviaeventos.com.br\/site\/wp-content\/uploads\/2024\/08\/Portaria-2-400x400.jpg\" class=\"attachment-kava-thumb-m size-kava-thumb-m\" alt=\"\" srcset=\"https:\/\/granviaeventos.com.br\/site\/wp-content\/uploads\/2024\/08\/Portaria-2-400x400.jpg 400w, https:\/\/granviaeventos.com.br\/site\/wp-content\/uploads\/2024\/08\/Portaria-2-150x150.jpg 150w, https:\/\/granviaeventos.com.br\/site\/wp-content\/uploads\/2024\/08\/Portaria-2-230x230.jpg 230w, https:\/\/granviaeventos.com.br\/site\/wp-content\/uploads\/2024\/08\/Portaria-2-640x640.jpg 640w\" sizes=\"(max-width: 400px) 100vw, 400px\" \/><\/a>\n\t\t\t<\/div><\/figure><figure class='gallery-item'>\n\t\t\t<div class='gallery-icon landscape'>\n\t\t\t\t<a data-elementor-open-lightbox=\"yes\" data-elementor-lightbox-slideshow=\"adc4ccc\" data-e-action-hash=\"#elementor-action%3Aaction%3Dlightbox%26settings%3DeyJpZCI6NjQ2LCJ1cmwiOiJodHRwczpcL1wvZ3JhbnZpYWV2ZW50b3MuY29tLmJyXC9zaXRlXC93cC1jb250ZW50XC91cGxvYWRzXC8yMDI0XC8wN1wvQi5wbmciLCJzbGlkZXNob3ciOiJhZGM0Y2NjIn0%3D\" href='https:\/\/granviaeventos.com.br\/site\/wp-content\/uploads\/2024\/07\/B.png'><img decoding=\"async\" width=\"400\" height=\"400\" src=\"https:\/\/granviaeventos.com.br\/site\/wp-content\/uploads\/2024\/07\/B-400x400.png\" class=\"attachment-kava-thumb-m size-kava-thumb-m\" alt=\"\" srcset=\"https:\/\/granviaeventos.com.br\/site\/wp-content\/uploads\/2024\/07\/B-400x400.png 400w, https:\/\/granviaeventos.com.br\/site\/wp-content\/uploads\/2024\/07\/B-150x150.png 150w, https:\/\/granviaeventos.com.br\/site\/wp-content\/uploads\/2024\/07\/B-230x230.png 230w, https:\/\/granviaeventos.com.br\/site\/wp-content\/uploads\/2024\/07\/B-640x640.png 640w\" sizes=\"(max-width: 400px) 100vw, 400px\" \/><\/a>\n\t\t\t<\/div><\/figure><figure class='gallery-item'>\n\t\t\t<div class='gallery-icon landscape'>\n\t\t\t\t<a data-elementor-open-lightbox=\"yes\" data-elementor-lightbox-slideshow=\"adc4ccc\" data-e-action-hash=\"#elementor-action%3Aaction%3Dlightbox%26settings%3DeyJpZCI6NjQ3LCJ1cmwiOiJodHRwczpcL1wvZ3JhbnZpYWV2ZW50b3MuY29tLmJyXC9zaXRlXC93cC1jb250ZW50XC91cGxvYWRzXC8yMDI0XC8wN1wvQy5wbmciLCJzbGlkZXNob3ciOiJhZGM0Y2NjIn0%3D\" href='https:\/\/granviaeventos.com.br\/site\/wp-content\/uploads\/2024\/07\/C.png'><img decoding=\"async\" width=\"400\" height=\"400\" src=\"https:\/\/granviaeventos.com.br\/site\/wp-content\/uploads\/2024\/07\/C-400x400.png\" class=\"attachment-kava-thumb-m size-kava-thumb-m\" alt=\"\" srcset=\"https:\/\/granviaeventos.com.br\/site\/wp-content\/uploads\/2024\/07\/C-400x400.png 400w, https:\/\/granviaeventos.com.br\/site\/wp-content\/uploads\/2024\/07\/C-150x150.png 150w, https:\/\/granviaeventos.com.br\/site\/wp-content\/uploads\/2024\/07\/C-230x230.png 230w, https:\/\/granviaeventos.com.br\/site\/wp-content\/uploads\/2024\/07\/C-640x640.png 640w\" sizes=\"(max-width: 400px) 100vw, 400px\" \/><\/a>\n\t\t\t<\/div><\/figure>\n\t\t<\/div>\n\t\t<\/div>\n\t\t\t\t<\/div>\n\t\t\t\t<\/div>\n\t\t\t\t\t<\/div>\n\t\t\t\t<\/div>\n\t\t<div class=\"elementor-element elementor-element-d2aed23 e-con-full e-flex e-con e-parent\" data-id=\"d2aed23\" data-element_type=\"container\">\n\t\t<div class=\"elementor-element elementor-element-a6e0aa0 e-con-full e-flex e-con e-child\" data-id=\"a6e0aa0\" data-element_type=\"container\" data-settings=\"{&quot;background_background&quot;:&quot;classic&quot;}\">\n\t\t\t\t<\/div>\n\t\t<div class=\"elementor-element elementor-element-960471c e-con-full e-flex e-con e-child\" data-id=\"960471c\" data-element_type=\"container\" data-settings=\"{&quot;background_background&quot;:&quot;classic&quot;}\">\n\t\t\t\t<\/div>\n\t\t\t\t<\/div>\n\t\t<div class=\"elementor-element elementor-element-f8593e3 e-flex e-con-boxed e-con e-parent\" data-id=\"f8593e3\" data-element_type=\"container\" data-settings=\"{&quot;background_background&quot;:&quot;classic&quot;}\">\n\t\t\t\t\t<div class=\"e-con-inner\">\n\t\t<div class=\"elementor-element elementor-element-aa8bf56 e-con-full e-flex e-con e-child\" data-id=\"aa8bf56\" data-element_type=\"container\">\n\t\t\t\t<div class=\"elementor-element elementor-element-8dde21b elementor-widget__width-inherit elementor-widget elementor-widget-heading\" data-id=\"8dde21b\" data-element_type=\"widget\" data-widget_type=\"heading.default\">\n\t\t\t\t<div class=\"elementor-widget-container\">\n\t\t\t<h2 class=\"elementor-heading-title elementor-size-default\"><a href=\"https:\/\/granviaeventos.com.br\/site\/\">VOLTAR<\/a><\/h2>\t\t<\/div>\n\t\t\t\t<\/div>\n\t\t\t\t<\/div>\n\t\t\t\t\t<\/div>\n\t\t\t\t<\/div>\n\t\t<div class=\"elementor-element elementor-element-9629d6d e-con-full e-flex e-con e-parent\" data-id=\"9629d6d\" data-element_type=\"container\">\n\t\t\t\t<div class=\"elementor-element elementor-element-90e3a76 elementor-widget elementor-widget-google_maps\" data-id=\"90e3a76\" data-element_type=\"widget\" data-widget_type=\"google_maps.default\">\n\t\t\t\t<div class=\"elementor-widget-container\">\n\t\t\t\t\t<div class=\"elementor-custom-embed\">\n\t\t\t<iframe loading=\"lazy\"\n\t\t\t\t\tsrc=\"https:\/\/maps.google.com\/maps?q=Granvia%20Eventos&#038;t=m&#038;z=13&#038;output=embed&#038;iwloc=near\"\n\t\t\t\t\ttitle=\"Granvia Eventos\"\n\t\t\t\t\taria-label=\"Granvia Eventos\"\n\t\t\t><\/iframe>\n\t\t<\/div>\n\t\t\t\t<\/div>\n\t\t\t\t<\/div>\n\t\t\t\t<\/div>\n\t\t<div class=\"elementor-element elementor-element-ed46521 e-flex e-con-boxed e-con e-parent\" data-id=\"ed46521\" data-element_type=\"container\" data-settings=\"{&quot;background_background&quot;:&quot;classic&quot;}\">\n\t\t\t\t\t<div class=\"e-con-inner\">\n\t\t<div class=\"elementor-element elementor-element-e907aa4 e-con-full e-flex e-con e-child\" data-id=\"e907aa4\" data-element_type=\"container\">\n\t\t\t\t<div class=\"elementor-element elementor-element-0ce17a4 elementor-align-left elementor-widget-mobile__width-inherit elementor-icon-list--layout-traditional elementor-list-item-link-full_width elementor-widget elementor-widget-icon-list\" data-id=\"0ce17a4\" data-element_type=\"widget\" data-widget_type=\"icon-list.default\">\n\t\t\t\t<div class=\"elementor-widget-container\">\n\t\t\t\t\t<ul class=\"elementor-icon-list-items\">\n\t\t\t\t\t\t\t<li class=\"elementor-icon-list-item\">\n\t\t\t\t\t\t\t\t\t\t\t<span class=\"elementor-icon-list-icon\">\n\t\t\t\t\t\t\t<svg aria-hidden=\"true\" class=\"e-font-icon-svg e-fas-phone-alt\" viewBox=\"0 0 512 512\" xmlns=\"http:\/\/www.w3.org\/2000\/svg\"><path d=\"M497.39 361.8l-112-48a24 24 0 0 0-28 6.9l-49.6 60.6A370.66 370.66 0 0 1 130.6 204.11l60.6-49.6a23.94 23.94 0 0 0 6.9-28l-48-112A24.16 24.16 0 0 0 122.6.61l-104 24A24 24 0 0 0 0 48c0 256.5 207.9 464 464 464a24 24 0 0 0 23.4-18.6l24-104a24.29 24.29 0 0 0-14.01-27.6z\"><\/path><\/svg>\t\t\t\t\t\t<\/span>\n\t\t\t\t\t\t\t\t\t\t<span class=\"elementor-icon-list-text\"><b>Entre em contato<br><\/b>31 9 9106-4759<br>31 3357-7615<\/span>\n\t\t\t\t\t\t\t\t\t<\/li>\n\t\t\t\t\t\t<\/ul>\n\t\t\t\t<\/div>\n\t\t\t\t<\/div>\n\t\t\t\t<\/div>\n\t\t<div class=\"elementor-element elementor-element-cd22879 e-con-full e-flex e-con e-child\" data-id=\"cd22879\" data-element_type=\"container\">\n\t\t\t\t<div class=\"elementor-element elementor-element-b3d9c05 elementor-align-left elementor-widget-mobile__width-inherit elementor-icon-list--layout-traditional elementor-list-item-link-full_width elementor-widget elementor-widget-icon-list\" data-id=\"b3d9c05\" data-element_type=\"widget\" data-widget_type=\"icon-list.default\">\n\t\t\t\t<div class=\"elementor-widget-container\">\n\t\t\t\t\t<ul class=\"elementor-icon-list-items\">\n\t\t\t\t\t\t\t<li class=\"elementor-icon-list-item\">\n\t\t\t\t\t\t\t\t\t\t\t<span class=\"elementor-icon-list-icon\">\n\t\t\t\t\t\t\t<svg aria-hidden=\"true\" class=\"e-font-icon-svg e-fas-map-pin\" viewBox=\"0 0 288 512\" xmlns=\"http:\/\/www.w3.org\/2000\/svg\"><path d=\"M112 316.94v156.69l22.02 33.02c4.75 7.12 15.22 7.12 19.97 0L176 473.63V316.94c-10.39 1.92-21.06 3.06-32 3.06s-21.61-1.14-32-3.06zM144 0C64.47 0 0 64.47 0 144s64.47 144 144 144 144-64.47 144-144S223.53 0 144 0zm0 76c-37.5 0-68 30.5-68 68 0 6.62-5.38 12-12 12s-12-5.38-12-12c0-50.73 41.28-92 92-92 6.62 0 12 5.38 12 12s-5.38 12-12 12z\"><\/path><\/svg>\t\t\t\t\t\t<\/span>\n\t\t\t\t\t\t\t\t\t\t<span class=\"elementor-icon-list-text\"><b>Nos visite<br><\/b>Av. Geraldo Rocha, 200<br>Bairro Arvoredo<br>Contagem, MG<\/span>\n\t\t\t\t\t\t\t\t\t<\/li>\n\t\t\t\t\t\t<\/ul>\n\t\t\t\t<\/div>\n\t\t\t\t<\/div>\n\t\t\t\t<\/div>\n\t\t<div class=\"elementor-element elementor-element-a614670 e-con-full e-flex e-con e-child\" data-id=\"a614670\" data-element_type=\"container\">\n\t\t\t\t<div class=\"elementor-element elementor-element-2f4a09a elementor-align-left elementor-icon-list--layout-inline elementor-widget-mobile__width-inherit elementor-list-item-link-full_width elementor-widget elementor-widget-icon-list\" data-id=\"2f4a09a\" data-element_type=\"widget\" data-widget_type=\"icon-list.default\">\n\t\t\t\t<div class=\"elementor-widget-container\">\n\t\t\t\t\t<ul class=\"elementor-icon-list-items elementor-inline-items\">\n\t\t\t\t\t\t\t<li class=\"elementor-icon-list-item elementor-inline-item\">\n\t\t\t\t\t\t\t\t\t\t\t<span class=\"elementor-icon-list-icon\">\n\t\t\t\t\t\t\t<svg aria-hidden=\"true\" class=\"e-font-icon-svg e-far-clock\" viewBox=\"0 0 512 512\" xmlns=\"http:\/\/www.w3.org\/2000\/svg\"><path d=\"M256 8C119 8 8 119 8 256s111 248 248 248 248-111 248-248S393 8 256 8zm0 448c-110.5 0-200-89.5-200-200S145.5 56 256 56s200 89.5 200 200-89.5 200-200 200zm61.8-104.4l-84.9-61.7c-3.1-2.3-4.9-5.9-4.9-9.7V116c0-6.6 5.4-12 12-12h32c6.6 0 12 5.4 12 12v141.7l66.8 48.6c5.4 3.9 6.5 11.4 2.6 16.8L334.6 349c-3.9 5.3-11.4 6.5-16.8 2.6z\"><\/path><\/svg>\t\t\t\t\t\t<\/span>\n\t\t\t\t\t\t\t\t\t\t<span class=\"elementor-icon-list-text\"><b>Atendimento<\/b><br>Segunda \u00e0 sexta<br>9h \u00e0s 17h<\/span>\n\t\t\t\t\t\t\t\t\t<\/li>\n\t\t\t\t\t\t<\/ul>\n\t\t\t\t<\/div>\n\t\t\t\t<\/div>\n\t\t\t\t<\/div>\n\t\t\t\t\t<\/div>\n\t\t\t\t<\/div>\n\t\t\t\t<\/div>\n\t\t","protected":false},"excerpt":{"rendered":"<p>Quem Somos Desde 1998, o GranVia Eventos se dedica a transformar momentos em mem\u00f3rias inesquec\u00edveis. Localizado em Contagem, MG, nosso espa\u00e7o \u00e9 um ref\u00fagio rodeado pela natureza exuberante e de f\u00e1cil acesso, ideal para eventos de todos os tipos. Com grande experi\u00eancia em eventos corporativos, oferecemos espa\u00e7os multifuncionais que promovem a integra\u00e7\u00e3o e a criatividade [&hellip;]<\/p>\n","protected":false},"author":1,"featured_media":0,"parent":0,"menu_order":0,"comment_status":"closed","ping_status":"closed","template":"elementor_header_footer","meta":{"_joinchat":[],"footnotes":""},"class_list":["post-771","page","type-page","status-publish","hentry"],"_links":{"self":[{"href":"https:\/\/granviaeventos.com.br\/site\/wp-json\/wp\/v2\/pages\/771","targetHints":{"allow":["GET"]}}],"collection":[{"href":"https:\/\/granviaeventos.com.br\/site\/wp-json\/wp\/v2\/pages"}],"about":[{"href":"https:\/\/granviaeventos.com.br\/site\/wp-json\/wp\/v2\/types\/page"}],"author":[{"embeddable":true,"href":"https:\/\/granviaeventos.com.br\/site\/wp-json\/wp\/v2\/users\/1"}],"replies":[{"embeddable":true,"href":"https:\/\/granviaeventos.com.br\/site\/wp-json\/wp\/v2\/comments?post=771"}],"version-history":[{"count":10,"href":"https:\/\/granviaeventos.com.br\/site\/wp-json\/wp\/v2\/pages\/771\/revisions"}],"predecessor-version":[{"id":882,"href":"https:\/\/granviaeventos.com.br\/site\/wp-json\/wp\/v2\/pages\/771\/revisions\/882"}],"wp:attachment":[{"href":"https:\/\/granviaeventos.com.br\/site\/wp-json\/wp\/v2\/media?parent=771"}],"curies":[{"name":"wp","href":"https:\/\/api.w.org\/{rel}","templated":true}]}}